{"id":1516,"date":"2019-11-15T11:27:56","date_gmt":"2019-11-15T10:27:56","guid":{"rendered":"https:\/\/compete.unizar.es\/aviso-legal\/"},"modified":"2020-05-14T09:13:12","modified_gmt":"2020-05-14T07:13:12","slug":"legal","status":"publish","type":"page","link":"https:\/\/compete.unizar.es\/en\/legal\/","title":{"rendered":"Legal"},"content":{"rendered":"\n<p><strong>INFORMACI\u00d3N GENERAL<\/strong><\/p>\n\n\n\n<p><strong>Titular del portal:<\/strong>&nbsp;Universidad de Zaragoza<br><strong>Direcci\u00f3n:<\/strong>&nbsp;Facultad Econom\u00eda y Empresa.&nbsp;Gran V\u00eda, 2. 50.005 Zaragoza<br><strong>C. I. F.:<\/strong>&nbsp;Q5018001G<br><strong>Contacto:<\/strong>&nbsp;compete@unizar.es<\/p>\n\n\n\n<p>Todos los derechos reservados.<\/p>\n\n\n\n<p><strong>CONDICIONES DE ACCESO Y UTILIZACI\u00d3N DEL PORTAL<\/strong><\/p>\n\n\n\n<p>El usuario se compromete a utilizar el portal y los servicios de conformidad con la ley, el presente aviso legal, las condiciones particulares de ciertos servicios, as\u00ed como la moral, buenas costumbres generalmente aceptadas y el orden p\u00fablico.<\/p>\n\n\n\n<p>Este sitio web le es ofrecido a condici\u00f3n de que usted acepte \u00edntegramente los t\u00e9rminos, condiciones y comunicaciones contenidos en el presente aviso legal. El hecho de que usted use este sitio web constituye por s\u00ed s\u00f3lo la aceptaci\u00f3n de los mismos.<\/p>\n\n\n\n<p><strong>LIMITACIONES DE USO<\/strong><\/p>\n\n\n\n<p>Usted no est\u00e1 autorizado a modificar, copiar, distribuir, transmitir, divulgar, utilizar, reproducir, publicar, licenciar, ceder, vender ni crear trabajos derivados a partir de la informaci\u00f3n que pueda obtener de este sitio web. El uso de este sitio web con fines ilegales o no autorizados por los presentes t\u00e9rminos, condiciones y comunicaciones queda terminantemente prohibido.<\/p>\n\n\n\n<p>No se asume ninguna responsabilidad del uso que los menores puedan hacer de la misma en casos de que los contenidos a que se acceda puedan herir la sensibilidad de los mismos. La plena responsabilidad en la determinaci\u00f3n de los contenidos y servicios a los que acceden los menores de edad corresponde a los mayores a cuyo cargo se encuentran. Existen mecanismos, en particular programas inform\u00e1ticos de filtro y bloqueo, que permiten limitar los contenidos disponibles, siendo de especial utilidad para controlar y restringir los materiales a los que pueden acceder los menores.<\/p>\n\n\n\n<p><strong>CONEXIONES CON SITIOS DE TERCEROS<\/strong><\/p>\n\n\n\n<p>Este portal pone a disposici\u00f3n de los usuarios dispositivos t\u00e9cnicos de enlace, directorios y otras herramientas como buscadores, que les permite acceder a sitios web pertenecientes y\/o gestionados por terceros. La instalaci\u00f3n de los mismos tiene por \u00fanico objeto facilitar a los usuarios el acceso a informaci\u00f3n, contenidos y servicios disponibles en Internet.<\/p>\n\n\n\n<p>La Universidad de Zaragoza no asume responsabilidad alguna por la informaci\u00f3n contenida en las p\u00e1ginas web de terceros a las que se pueda acceder por enlaces o buscadores desde nuestras p\u00e1ginas. Sin embargo, se compromete a retirar enlaces en caso de tener conocimiento de la existencia de contenidos il\u00edcitos o que lesionen derechos de terceros.<\/p>\n\n\n\n<p>Se excluye cualquier responsabilidad por los da\u00f1os y perjuicios de toda naturaleza que puedan deberse a la presencia de virus o a la presencia de otros elementos lesivos en los servicios prestados por terceros a trav\u00e9s del portal que puedan producir alteraciones en el sistema inform\u00e1tico, documentos electr\u00f3nicos o ficheros de los usuarios.<\/p>\n\n\n\n<p>La informaci\u00f3n contenida en este sitio web puede contener errores tipogr\u00e1ficos, imprecisiones e inexactitudes de los que la Universidad de Zaragoza no se responsabiliza, tampoco lo har\u00e1 en el caso de que los mismos provengan de p\u00e1ginas de terceros a las que el usuario accede a trav\u00e9s de los enlaces colocados en nuestro portal.<\/p>\n\n\n\n<p><strong>DERECHOS DE PROPIEDAD INTELECTUAL<\/strong><\/p>\n\n\n\n<p>El usuario reconoce y acepta que todos los derechos sobre el contenido de este sitio web pertenecen a la Universidad de Zaragoza, y que en consecuencia la modificaci\u00f3n, adaptaci\u00f3n, comunicaci\u00f3n p\u00fablica, distribuci\u00f3n, venta, alquiler y cualquier otro derecho de propiedad intelectual realizado por el usuario sin consentimiento de la Universidad de Zaragoza queda prohibido.<\/p>\n\n\n\n<p>Asimismo, la Universidad de Zaragoza es titular de los derechos de propiedad industrial derivados de los elementos que integran su p\u00e1gina web o, en cualquier caso, dispone de la correspondiente autorizaci\u00f3n para su utilizaci\u00f3n.<\/p>\n\n\n\n<p>En ning\u00fan caso, la Universidad de Zaragoza ser\u00e1 responsable de las posibles infracciones que en esta materia pudiera producir cualquier usuario del portal.<\/p>\n\n\n\n<p><strong>ACTUALIZACI\u00d3N Y MODIFICACI\u00d3N DE LA P\u00c1GINA WEB<\/strong><\/p>\n\n\n\n<p>La Universidad de Zaragoza se reserva el derecho a actualizar, modificar o eliminar la informaci\u00f3n de esta p\u00e1gina web y su configuraci\u00f3n sin preaviso. De igual forma podr\u00e1 suspender su difusi\u00f3n total o parcialmente y modificar la estructura o contenido de la misma sin previo aviso.<br>Para la resoluci\u00f3n de problemas o preguntas relacionadas con este sitio web, por favor p\u00f3ngase en contacto con la Universidad de Zaragoza en la siguiente direcci\u00f3n compete@unizar.es.<\/p>\n","protected":false},"excerpt":{"rendered":"<p>INFORMACI\u00d3N GENERAL Titular del portal:&nbsp;Universidad de ZaragozaDirecci\u00f3n:&nbsp;Facultad Econom\u00eda y Empresa.&nbsp;Gran V\u00eda, 2. 50.005 ZaragozaC. I. F.:&nbsp;Q5018001GContacto:&nbsp;compete@unizar.es Todos los derechos reservados. CONDICIONES DE ACCESO Y UTILIZACI\u00d3N DEL PORTAL El usuario se compromete a utilizar el portal y los servicios de conformidad con la ley, el presente aviso legal, las condiciones particulares de ciertos servicios, as\u00ed como [&hellip;]<\/p>\n","protected":false},"author":3,"featured_media":0,"parent":0,"menu_order":0,"comment_status":"closed","ping_status":"closed","template":"","meta":{"_acf_changed":false,"_genesis_hide_title":false,"_genesis_hide_breadcrumbs":false,"_genesis_hide_singular_image":false,"_genesis_hide_footer_widgets":false,"_genesis_custom_body_class":"","_genesis_custom_post_class":"","_genesis_layout":"","footnotes":""},"class_list":{"0":"post-1516","1":"page","2":"type-page","3":"status-publish","5":"entry"},"acf":[],"_links":{"self":[{"href":"https:\/\/compete.unizar.es\/en\/wp-json\/wp\/v2\/pages\/1516","targetHints":{"allow":["GET"]}}],"collection":[{"href":"https:\/\/compete.unizar.es\/en\/wp-json\/wp\/v2\/pages"}],"about":[{"href":"https:\/\/compete.unizar.es\/en\/wp-json\/wp\/v2\/types\/page"}],"author":[{"embeddable":true,"href":"https:\/\/compete.unizar.es\/en\/wp-json\/wp\/v2\/users\/3"}],"replies":[{"embeddable":true,"href":"https:\/\/compete.unizar.es\/en\/wp-json\/wp\/v2\/comments?post=1516"}],"version-history":[{"count":0,"href":"https:\/\/compete.unizar.es\/en\/wp-json\/wp\/v2\/pages\/1516\/revisions"}],"wp:attachment":[{"href":"https:\/\/compete.unizar.es\/en\/wp-json\/wp\/v2\/media?parent=1516"}],"curies":[{"name":"wp","href":"https:\/\/api.w.org\/{rel}","templated":true}]}}