{"id":1478,"date":"2020-02-05T12:45:15","date_gmt":"2020-02-05T11:45:15","guid":{"rendered":"https:\/\/compete.unizar.es\/transfer\/publicacion-divulgacion\/"},"modified":"2022-06-08T10:58:18","modified_gmt":"2022-06-08T08:58:18","slug":"outreach-publications","status":"publish","type":"page","link":"https:\/\/compete.unizar.es\/en\/transfer\/outreach-publications\/","title":{"rendered":"Outreach publications"},"content":{"rendered":"\n<p>Serrano, R., Acero, I., Farquhar, S. y Espitia-Escuer, M. (<em>online<\/em>): \u201cFinancial fair play and competitive balance in European football: a long-term perspective\u201d, Sports, Business, Management: an international journal. DOI: 10.1108\/SBM-05-2021-0060<\/p>\n\n\n\n<p>Abella-Garc\u00e9s, S. y Ferrer, J.R. (2022): \u201cFamily firm heterogeneity and its effect on strategy. The case of the Spanish wine sector\u201d,\u00a0European Journal of Family Business, 12, pp. 1-18.DOI: <a href=\"https:\/\/doi.org\/10.24310\/ejfbejfb.vi.13487\">https:\/\/doi.org\/10.24310\/ejfbejfb.vi.13487<\/a><\/p>\n\n\n\n<p>Andr\u00e9s Lacasta, J.A., Garc\u00eda Bernal, J.,Garc\u00eda Casarejos, M.N., Rosell Mart\u00ednez, J. y Salas Fum\u00e1s, V. (2021): \u201cEstudio sobre las necesidades formativas en el sector de la construcci\u00f3n\u201d. Observatorio Industrial de la Construcci\u00f3n y Universidad de Zaragoza. ISBN: 978-84-18632-02-0<\/p>\n\n\n\n<p>De Lima Veloso, A., Garc\u00edaCebri\u00e1n, L. y Marcuello-Serv\u00f3s, Ch. (2021): \u201cEstado y estad\u00edstica. La importancia de los sistemas oficiales de estad\u00edstica para las democracias modernas\u201d, Revista Mexicana de Ciencias Pol\u00edticas y Sociales, 243(66), pp.55-78. ISSN 0185-1918. DOI: 10.22201\/fcpys.2448492xe.2021.243.69278<\/p>\n\n\n\n<p>Espitia-Escuer, M. y Garc\u00eda-Cebri\u00e1n, L.I. (2021): \u201cAssessment of the efficiency of Spanish football teams through profiling\u201d, DEA Journal, 5(2), pp. 487-534. DOI:10.1561\/103.00000029<\/p>\n\n\n\n<p>Escol\u00e1, M.C., Serrano, R., y Ferrer, J.R (2021): &#8220;Networks as a moderating factor of the effect of institutional distance on export performance&#8221;, competitiveness review: An International Business Journal. ISSN: 1059-5422. DOI: 10.1108\/CR-12-2020-0155<\/p>\n\n\n\n<p>Fern\u00e1ndez S\u00e1nchez, E. y Ram\u00edrez Ales\u00f3n, M. (2021): \u201cFundamentos para la toma de decisiones estrat\u00e9gicas en la empresa. Editorial: Pir\u00e1mide (Grupo Anaya). Colecci\u00f3n Econom\u00eda y Empresa. 1\u00aa edici\u00f3n. 443 p\u00e1ginas. ISBN: 978-84-368-4380-4 (papel) 978-84-368-4381-1 (Digital, ePub).<\/p>\n\n\n\n<p>Garc\u00eda Bernal, J. (2021): \u201cLa perspectiva econ\u00f3mica de la empresa como opci\u00f3n docente en la Universidad. Empresa, econom\u00eda y sociedad. Homenaje a Vicente Salas (Volumen I)\u201d, Funcas, pp.139-150.<\/p>\n\n\n\n<p>Marzo-Navarro, M. y Ram\u00edrez-Ales\u00f3n, M. (2021): \u201cTraffic lights for inappropriate behaviour in undergraduate students\u201d. Edulearn 21 Proceedings, pp. 2655-2661. ISBN: 978-84-09-31267-2. ISSN: 2340-1117. DOI: 10.21125\/edulearn.2021.0580<\/p>\n\n\n\n<p>Moneva Abad\u00eda, J. M., Garc\u00eda Bernal, J. (2021): \u201cSemblanza del profesor Vicente Salas en la Universidad de Zaragoza, Empresa, Econom\u00eda y Sociedad. Homenaje a Vicente Salas (Volumen II)\u201d, Funcas, pp.707-716.<\/p>\n\n\n\n<p>P\u00e9rez Calle, R., Garc\u00eda-Casarejos, N. y Garc\u00eda Bernal, J. (2020): \u201cLa comunicaci\u00f3n de las acciones de responsabilidad social corporativa y su capacidad de generaci\u00f3n de confianza afectiva en el cliente. En el pensamiento econ\u00f3mico y empresarial en la era de la informaci\u00f3n\u201d, Ediciones Egregius, pp.71-93.<\/p>\n\n\n\n<p>Altomonte, A., Jefferis, T., Rosell; J. y Savastano, M (2019): \u201cPublic private partnership in a NATO context. SAS-112 technical report\u201d. NATO-Science&amp; Technology Organization. Brussels. ISBN: 978-92-837-2170-3. DOI: 10.14339\/STO-TR-SAS-112-PDF<\/p>\n\n\n\n<p>Espitia-Escuer, M., Garc\u00eda-Cebri\u00e1n, L.I. y Sala-Garrido, R. (2019): \u201cProductividad y sus determinantes en la competici\u00f3n de la UEFA Champions League\u201d, Papeles de Econom\u00eda Espa\u00f1ola,159, pp.180-199.<\/p>\n\n\n\n<p>Ferrer-Lorenzo, JR., Maza-Rubio, T. y Abella-Garc\u00e9s, S. (2019): &#8220;Business model and performance in the Spanish wine industry&#8221;, Journal of Wine Research, 30(1), pp. 31-47.<\/p>\n\n\n\n<p>Garc\u00eda Casarejos, N. y Garc\u00eda Bernal, J. (2019): \u201cCaracterizaci\u00f3n y motivaciones de las entidades que poseen el Sello RSA. En sabidur\u00eda digital para la comunicaci\u00f3n inteligente\u201d, Ediciones Egregius, pp.208 y 209.<\/p>\n\n\n\n<p>P\u00e9rez Calle, R., Garc\u00eda-Casarejos, N. y Garc\u00eda Bernal, J. (2019): \u201cLa comunicaci\u00f3n de las acciones de responsabilidad social corporativa y su capacidad de generaci\u00f3n de confianza afectiva en el cliente. En sabidur\u00eda digital para la comunicaci\u00f3n inteligente\u201d, Ediciones Egregius, pp.207-208.<\/p>\n\n\n\n<p>Ram\u00edrez-Ales\u00f3n, M. y Fern\u00e1ndez-Olmos, M. (2019): \u201c\u00bfEs realmente cierto que estar en un parque cient\u00edfico y tecnol\u00f3gico (PCT) mejora el resultado innovador?\u201d Emprendimiento y Negocios Internacionales \u2013 ENI, 4(1), pp.18-28. DOI: 0.20420\/eni.2019.277<\/p>\n\n\n\n<p>Aparicio, G., Gonz\u00e1lez-Esteban, \u00c1. L., Pinilla, V., y Serrano, R. (2018): \u201cThe World Periphery in Global Agricultural and Food Trade,1900\u20132000. In Agricultural Development in the World Periphery\u201d, Palgrave Macmillan, Cham, pp.63-88.<\/p>\n\n\n\n<p>Ferrer-Lorenzo, JR., Maza-Rubio, T. y Abella-Garc\u00e9s, S. (2018): &#8220;The competitive advantage in business, capabilities and strategy. What general performance factors are found in the Spanish wine industry?&#8221;, Wine Economics and Policy, 7(2), pp. 94-108.<\/p>\n\n\n\n<p>Ferrer-Lorenzo, JR., Maza-Rubio, T. y Abella-Garc\u00e9s, S. (2018): &#8220;Capacidades y estrategias de Miles y Snow en el sector del vino en Espa\u00f1a. Grupos vs Bodegas independientes&#8221;, Revista Espa\u00f1ola de Estudios Agrosociales y Pesqueros, 250, pp. 95-125.<\/p>\n\n\n\n<p>Garc\u00eda-Cebri\u00e1n, L.I., Monsalve-Pel\u00e1ez, M.A. y Mu\u00f1oz-Porcar, A. (2018): \u201cParques cient\u00edficos y tecnol\u00f3gicos: una aglomeraci\u00f3n con repercusi\u00f3n en el tejido empresarial\u201d, Revista Venezolana de Gerencia, 82(23), pp.408-423.<\/p>\n\n\n\n<p>Rosell, J. (2018): \u201cCrecimiento y competitividad de la empresa espa\u00f1ola: evoluci\u00f3n reciente y perspectivas\u201d, Cuadernos de Informaci\u00f3n Econ\u00f3mica, 266, pp.1-13.<\/p>\n\n\n\n<p>Rosell, J. (2018): \u201cCrecimiento y competitividad en la empresa espa\u00f1ola financiera\u201d, en Innovaci\u00f3n y competitividad: desaf\u00edos para la industria espa\u00f1ola\u201d, E. Huerta y M. J. Moral (eds.), Funcas, pp.505-538.<\/p>\n\n\n\n<p>Rosell, J. (2018): \u201cGrowth and competitiveness in Spain\u2019s corporate sector: Recent trends and outlook\u201d, Spanish Economic and Financial Outlook, 7(5), pp.75-87.<\/p>\n\n\n\n<p>P\u00e9rez-P\u00e9rez, M., Vela-Jim\u00e9nez, M.J., Mart\u00ednez-S\u00e1nchez, A. y Abella-Garc\u00e9s, S. (2017): &#8220;Las&nbsp;medidas de conciliaci\u00f3n en las empresas y la satisfacci\u00f3n laboral de los empleados: el papel explicativo del enriquecimiento trabajo-familia&#8221;, Esic Market Economics and Business Journal, 48(1), pp. 43-68.<\/p>\n\n\n\n<p>P\u00e9rez-P\u00e9rez, M., Vela-Jim\u00e9nez, MJ., Abella-Garc\u00e9s, S. y Mart\u00ednez-S\u00e1nchez, A. (2017): Work-family practices and organizational commitment: the mediator effect of job satisfaction,&nbsp;Universia Business Review, 4th quarter, 56, pp. 52-83.<\/p>\n\n\n\n<p>Ferrer-Lorenzo, JR., Abella-Garc\u00e9s, S. y Maza-Rubio, T. (2017): &#8220;Competitive advantage differences between firms belonging to a business group and independent companies in Spanish wine industry&#8221;, Econom\u00eda Agraria y Recursos Naturales, 17(2), pp. 105-132.<\/p>\n\n\n\n<p>S\u00e1nchez Sellero, M.C. y S\u00e1nchez Sellero, P. (2016): \u201cFactores determinantes de la satisfacci\u00f3n laboral en Espa\u00f1a antes y durante la crisis de 2008\u201d, Intangible Capital, 12 (5), pp.1192-1220.<\/p>\n\n\n\n<p>Acero Fraile, I. y Garc\u00eda Casarejos, N. (2015): \u201c\u00bfSe alejan las expectativas de los alumnos de las competencias que adquieren?:una aplicaci\u00f3n al caso de la responsabilidad social\u201d, Educaci\u00f3n y Futuro Digital,11, pp.43-58.<\/p>\n\n\n\n<p>Alonso Nuez, M.J. y Rosell-Mart\u00ednez, J. (2015): \u201cCompetencia imperfecta, regulaci\u00f3n y pol\u00edtica de defensa de la competencia\u201d, Econom\u00eda Aragonesa, 56, pp.111-121.<\/p>\n\n\n\n<p>Espitia-Escuer, M. y Garc\u00eda-Cebri\u00e1n, L.I. (2015): \u201cOrganisational Design Factors and the Efficiency of Spanish First Division Football Teams\u201d, Journal of Management Policy and Practice, 16 (1), pp.89-107.<\/p>\n\n\n\n<p>Espitia-Escuer, M. y Garc\u00eda-Cebri\u00e1n, L.I. (2015): \u201cTechnical progress and efficiency changes in football teams participating in the UEFA Champions League\u201d, Forum Empresarial,20(2), pp.1-28.<\/p>\n\n\n\n<p>Fern\u00e1ndez Olmos, M. y Ram\u00edrez Ales\u00f3n, M. (2015): \u201cClusters de innovaci\u00f3n, localizaci\u00f3n de la actividad exportadora y resultados\u201d, Econom\u00eda Industrial, 396, pp.83-92.<\/p>\n\n\n\n<p>P\u00e9rez-P\u00e9rez, M., Vela-Jim\u00e9nez, MJ., Abella-Garc\u00e9s, S. y Mart\u00ednez-S\u00e1nchez, A. (2015): &#8220;El enriquecimiento trabajo-familia: nuevo enfoque en el estudio de la conciliaci\u00f3n y la satisfacci\u00f3n laboral de los empleados&#8221;, Universia Business Review, primer semestre, 45, pp. 16-32.<\/p>\n\n\n\n<p>Brosed L\u00e1zaro, M., Espitia-Escuer, M. y Garc\u00eda-Cebri\u00e1n, L.I. (2014): \u201cProductivity in professional Spanish basketball\u201d, Sport, Business and Management. An International Journal,4(3), pp.196-211.<\/p>\n\n\n\n<p>Brosed L\u00e1zaro, M., Espitia-Escuer, M. y. Garc\u00eda-Cebri\u00e1n, L.I (2014), &#8220;Productivity in professional Spanish basketball\u201d, Sport, Business and Management, 4 (3), pp.196-211. <a href=\"https:\/\/doi.org\/10.1108\/SBM-07-2013-0024\">https:\/\/doi.org\/10.1108\/SBM-07-2013-0024<\/a><\/p>\n\n\n\n<p>Espitia-Escuer, M. y Garc\u00eda-Cebri\u00e1n, L.I. (2014): \u201cComparison on efficiency measures for Spanish first division football teams using data envelopment analysis and stochastic frontiers\u201d, Atlantic Review of Economics, 2, pp.1-28.<\/p>\n\n\n\n<p>Garc\u00eda Casarejos, N., Acero Fraile, I. y Mart\u00edn Valiente, E. (2014): &#8220;Fuentes de financiaci\u00f3n de las entidades no lucrativas: orientaciones para un cambio de modelo en Espa\u00f1a&#8221;, Revista de Ciencias Sociales-Universidad de Zulia, 2(20), pp.336-350.<\/p>\n","protected":false},"excerpt":{"rendered":"<p>Serrano, R., Acero, I., Farquhar, S. y Espitia-Escuer, M. (online): \u201cFinancial fair play and competitive balance in European football: a long-term perspective\u201d, Sports, Business, Management: an international journal. DOI: 10.1108\/SBM-05-2021-0060 Abella-Garc\u00e9s, S. y Ferrer, J.R. (2022): \u201cFamily firm heterogeneity and its effect on strategy. The case of the Spanish wine sector\u201d,\u00a0European Journal of Family Business, [&hellip;]<\/p>\n","protected":false},"author":3,"featured_media":0,"parent":1464,"menu_order":0,"comment_status":"closed","ping_status":"closed","template":"","meta":{"_acf_changed":false,"_genesis_hide_title":false,"_genesis_hide_breadcrumbs":false,"_genesis_hide_singular_image":false,"_genesis_hide_footer_widgets":false,"_genesis_custom_body_class":"","_genesis_custom_post_class":"","_genesis_layout":"","footnotes":""},"class_list":{"0":"post-1478","1":"page","2":"type-page","3":"status-publish","5":"entry"},"acf":[],"_links":{"self":[{"href":"https:\/\/compete.unizar.es\/en\/wp-json\/wp\/v2\/pages\/1478","targetHints":{"allow":["GET"]}}],"collection":[{"href":"https:\/\/compete.unizar.es\/en\/wp-json\/wp\/v2\/pages"}],"about":[{"href":"https:\/\/compete.unizar.es\/en\/wp-json\/wp\/v2\/types\/page"}],"author":[{"embeddable":true,"href":"https:\/\/compete.unizar.es\/en\/wp-json\/wp\/v2\/users\/3"}],"replies":[{"embeddable":true,"href":"https:\/\/compete.unizar.es\/en\/wp-json\/wp\/v2\/comments?post=1478"}],"version-history":[{"count":0,"href":"https:\/\/compete.unizar.es\/en\/wp-json\/wp\/v2\/pages\/1478\/revisions"}],"up":[{"embeddable":true,"href":"https:\/\/compete.unizar.es\/en\/wp-json\/wp\/v2\/pages\/1464"}],"wp:attachment":[{"href":"https:\/\/compete.unizar.es\/en\/wp-json\/wp\/v2\/media?parent=1478"}],"curies":[{"name":"wp","href":"https:\/\/api.w.org\/{rel}","templated":true}]}}