{"id":1475,"date":"2020-02-05T12:47:53","date_gmt":"2020-02-05T11:47:53","guid":{"rendered":"https:\/\/compete.unizar.es\/transfer\/otras-actividades\/"},"modified":"2022-06-28T18:48:11","modified_gmt":"2022-06-28T16:48:11","slug":"other-activities","status":"publish","type":"page","link":"https:\/\/compete.unizar.es\/en\/transfer\/other-activities\/","title":{"rendered":"Other activities"},"content":{"rendered":"\n<p><strong>Seminars<\/strong><\/p>\n\n\n\n<p>\u201cAdaptaci\u00f3n de la ense\u00f1anza superior en tiempos de pandemia\u201d, Marisa Ram\u00edrez Ales\u00f3n, mesa redonda en el congreso CINDU, 14 junio de 2021.<\/p>\n\n\n\n<p>\u201cMilitary diplomacy and trade\u201d. V Workshop on International Economics Alicante, Francisco Jos\u00e9 Callado Mu\u00f1oz y Natalia Utrero Gonz\u00e1lez, Alicante (Espa\u00f1a), 10 diciembre 2020.<\/p>\n\n\n\n<p>\u201cInstitutional context as a moderator of the relationship between board structure and acquirer returns\u201d, Isabel Acero Fraile y Nuria Alcalde Fradejas, presentada por Isabel Acero Fraile en el marco de los Brown Bag Seminars, Business &amp; Economics en la Facultad de Econom\u00eda y Empresa de la Universidad de Zaragoza, 30 de octubre de 2019.<\/p>\n\n\n\n<p>\u201cThe foreign commitment of networks and the internationalisation of SMEs\u201d, Ra\u00fal Serrano L\u00e1zaro, Natalia Dejo Oricain, Juan Ram\u00f3n Ferrer, Vicente Pinilla, Silvia Abella Garc\u00e9s, y M\u00aa Teresa Maza, presentada por Natalia Dejo Oricain en el marco de los Brown Bag Seminars, Business &amp; Economics, en la Facultad de Econom\u00eda y Empresa de la Universidad de Zaragoza, 24 de abril de 2019.<\/p>\n\n\n\n<p><strong>Organisation of Conferences<\/strong><\/p>\n\n\n\n<p>Natalia Dejo Oricain es miembro del comit\u00e9 cient\u00edfico y responsable del \u00e1rea de direcci\u00f3n internacional de la XXX. Conferencia de la Asociaci\u00f3n de Econom\u00eda y Direcci\u00f3n de la Empresa (ACEDE), Cartagena, julio 2020.<\/p>\n\n\n\n<p>Luc\u00eda Garc\u00eda Cebri\u00e1n particip\u00f3 en el comit\u00e9 cient\u00edfico y organizador del IX Congreso Iberoamericano de Econom\u00eda del Deporte, M\u00e1laga, junio 2018.<\/p>\n\n\n\n<p>Pedro S\u00e1nchez Sellero es miembro del comit\u00e9 cient\u00edfico y organizador de las 27th Jornadas Hispano Lusas de Gesti\u00f3n Cient\u00edfica, Benidorm, febrero 2017.<\/p>\n\n\n\n<p><strong>Organisation of other activities<\/strong><\/p>\n\n\n\n<p>Secci\u00f3n de direcci\u00f3n internacional de ACEDE (sesi\u00f3n online). Organizadora: Natalia Dejo Oricain, 28 de junio de 2021.<\/p>\n\n\n\n<p>Jornadas de empresa, econom\u00eda y sociedad. Jornadas cient\u00edficas. \u00c1mbito: nacional. N.\u00ba de asistentes: 160. Organizadores: Jorge Rosell Mart\u00ednez y Javier Garc\u00eda Bernal, 9 y 10 de septiembre de 2021.<\/p>\n\n\n\n<p>Conferencia: \u201cLa internacionalizaci\u00f3n del grupo Pikolin\u201d, impartida por los directivos del grupo Pikolin, Ignacio Linares Ybarra, director de equipamientos y nuevos mercados y Enrique Iniesta Alem\u00e1n, director de desarrollo de los RRHH; en el sal\u00f3n de actos de la Facultad de Econom\u00eda y Empresa de la Universidad de Zaragoza,15 de enero de 2020.<\/p>\n\n\n\n<p>Conferencia: \u201c\u00bfQui\u00e9n se ha llevado mi onza?\u201d, impartida por los directivos de Chocolates Lacasa: Jos\u00e9 Antonio Callejas, director comercial y Fernando Renta, subdirector general; en formato online (google meet) a trav\u00e9s de la Universidad de Zaragoza. Colabora: Grupo Compete, 22 de diciembre de 2020.<\/p>\n\n\n\n<p>Conferencia: \u201cGrupo CAF: Presente y Futuro\u201d, impartida por los directivos de CAF: Oscar J\u00e1novas, director de la factor\u00eda de Zaragoza y Fernando Anoro, director de log\u00edstica, en el sal\u00f3n de actos de la Facultad de Econom\u00eda y Empresa de la Universidad de Zaragoza, 14 de enero de 2019.<\/p>\n\n\n\n<p>Conferencia: \u201cEmpresas Internacionalizadas: una experiencia personal y subjetiva\u201d, impartida por Rafael Arruga Arruga, Executive director de AEFIMIL- Asociaci\u00f3n Espa\u00f1ola Fabricantes e Importadores Maquinaria Industria de Limpieza y director of Business Development de Hispano Vema; en el sal\u00f3n de actos de la Facultad de Econom\u00eda y Empresa de la Universidad de Zaragoza. Actividad patrocinada por el programa Expertia, 9 de enero de 2018.&nbsp;<\/p>\n\n\n\n<p>Conferencia: \u201cBSH: competir en una multinacional\u201d, impartida por Jes\u00fas Egido Rold\u00e1n, director del \u00e1rea de econom\u00eda de BSH; en el sal\u00f3n de actos de la Facultad de Econom\u00eda y Empresa de la Universidad de Zaragoza, 12 de enero de 2017.<\/p>\n\n\n\n<p>Marisa Ram\u00edrez Ales\u00f3n organiz\u00f3 y presidi\u00f3 el 10th Iberian International Business Conference. Congreso que reuni\u00f3 a investigadores de la internacionalizaci\u00f3n de empresas y mercados. El congreso se celebr\u00f3 en la Facultad de Econom\u00eda y Empresa, 26 y 27 de septiembre de 2014.<\/p>\n\n\n\n<p>Manuel Espitia Escuer organiz\u00f3 y presidi\u00f3 el V Congreso Iberoamericano de Econom\u00eda del Deporte. El Congreso tuvo como objetivo proporcionar un foro acad\u00e9mico para investigadores y agentes para el intercambio de ideas y conceptos en el \u00e1mbito de la econom\u00eda del deporte. El congreso se celebr\u00f3 en el Paraninfo de la Universidad de Zaragoza, 12 y 13 de junio de 2014.<strong><u><\/u><\/strong><\/p>\n","protected":false},"excerpt":{"rendered":"<p>Seminars \u201cAdaptaci\u00f3n de la ense\u00f1anza superior en tiempos de pandemia\u201d, Marisa Ram\u00edrez Ales\u00f3n, mesa redonda en el congreso CINDU, 14 junio de 2021. \u201cMilitary diplomacy and trade\u201d. V Workshop on International Economics Alicante, Francisco Jos\u00e9 Callado Mu\u00f1oz y Natalia Utrero Gonz\u00e1lez, Alicante (Espa\u00f1a), 10 diciembre 2020. \u201cInstitutional context as a moderator of the relationship between [&hellip;]<\/p>\n","protected":false},"author":3,"featured_media":0,"parent":1464,"menu_order":0,"comment_status":"closed","ping_status":"closed","template":"","meta":{"_acf_changed":false,"_genesis_hide_title":false,"_genesis_hide_breadcrumbs":false,"_genesis_hide_singular_image":false,"_genesis_hide_footer_widgets":false,"_genesis_custom_body_class":"","_genesis_custom_post_class":"","_genesis_layout":"","footnotes":""},"class_list":{"0":"post-1475","1":"page","2":"type-page","3":"status-publish","5":"entry"},"acf":[],"_links":{"self":[{"href":"https:\/\/compete.unizar.es\/en\/wp-json\/wp\/v2\/pages\/1475","targetHints":{"allow":["GET"]}}],"collection":[{"href":"https:\/\/compete.unizar.es\/en\/wp-json\/wp\/v2\/pages"}],"about":[{"href":"https:\/\/compete.unizar.es\/en\/wp-json\/wp\/v2\/types\/page"}],"author":[{"embeddable":true,"href":"https:\/\/compete.unizar.es\/en\/wp-json\/wp\/v2\/users\/3"}],"replies":[{"embeddable":true,"href":"https:\/\/compete.unizar.es\/en\/wp-json\/wp\/v2\/comments?post=1475"}],"version-history":[{"count":0,"href":"https:\/\/compete.unizar.es\/en\/wp-json\/wp\/v2\/pages\/1475\/revisions"}],"up":[{"embeddable":true,"href":"https:\/\/compete.unizar.es\/en\/wp-json\/wp\/v2\/pages\/1464"}],"wp:attachment":[{"href":"https:\/\/compete.unizar.es\/en\/wp-json\/wp\/v2\/media?parent=1475"}],"curies":[{"name":"wp","href":"https:\/\/api.w.org\/{rel}","templated":true}]}}