{"id":1472,"date":"2020-02-05T12:46:40","date_gmt":"2020-02-05T11:46:40","guid":{"rendered":"https:\/\/compete.unizar.es\/transfer\/contactos-con-empresas-e-instituciones\/"},"modified":"2022-06-03T14:37:01","modified_gmt":"2022-06-03T12:37:01","slug":"contracts-with-companies","status":"publish","type":"page","link":"https:\/\/compete.unizar.es\/en\/transfer\/contracts-with-companies\/","title":{"rendered":"Contracts with companies and institutions"},"content":{"rendered":"\n<p>T\u00edtulo confidencial. IP: Marta Fern\u00e1ndez Olmos. N\u00famero de investigadores\/as: 1. Entidad de realizaci\u00f3n: Facultad de Econom\u00eda y Empresa &#8211; Universidad de Zaragoza. Entidad financiadora: Haute Ecole de Gestion de Geneve. 2019-2022. Duraci\u00f3n. (37 meses).<\/p>\n\n\n\n<p>Procesos de innovaci\u00f3n para productos agr\u00edcolas exportables durante la pandemia de COVID-19: un an\u00e1lisis comparativo de la industria del vino en Espa\u00f1a y Francia. IP: Marta Fern\u00e1ndez Olmos. Entidad financiadora: Gobierno de Arag\u00f3n. 2021.Duraci\u00f3n (11 meses).<\/p>\n\n\n\n<p>T\u00edtulo confidencial. IP: Rivera Torres, Mar\u00eda Pilar. N\u00ba de investigadores: 7. Investigadores\/as del grupo: Javier Garc\u00eda Bernal y Jorge Rosell Mart\u00ednez. Entidad de realizaci\u00f3n: Facultad de Econom\u00eda y Empresa &#8211; Universidad de Zaragoza. Entidad financiadora: Instituto Aragon\u00e9s de Fomento. 2021. Duraci\u00f3n (09\/09\/2021 &#8211; 10\/09\/2021).<\/p>\n\n\n\n<p>Etudes de marche: analyse quantitative de donnes sondages et statistiques. IP: Marta Fern\u00e1ndez Olmos N\u00ba investigadores: 3. Entidad financiadora: Ass Groupe Kedge Business School. 2021. Duraci\u00f3n (3 meses).<\/p>\n\n\n\n<p>El efecto de la I+D en defensa sobre el resultado empresarial: un an\u00e1lisis por sectores. \u00c1mbito: Universidad de Zaragoza. IP: Marta Fern\u00e1ndez Olmos y Francisco Callado Mu\u00f1oz. N\u00ba investigadores: 6. Entidad financiadora: Centro Universitario de la Defensa de Zaragoza. 2020-2021. Duraci\u00f3n (12 meses).<\/p>\n\n\n\n<p>El gasto en I+D en defensa como factor determinante del resultado empresarial en la industria de la defensa en Espa\u00f1a. \u00c1mbito Universidad de Zaragoza. IP: Marta Fern\u00e1ndez Olmos y Natalia Utrero Gonz\u00e1lez. N\u00ba investigadores: 6. Entidad financiadora: Centro Universitario de la Defensa de Zaragoza. 2019-2020. Duraci\u00f3n (12 meses).<\/p>\n\n\n\n<p>Determinantes de la excelencia en la gesti\u00f3n en Arag\u00f3n: caracterizaci\u00f3n de la empresa familiar versus no familiar. Investigador\/a responsable: Nieves Garc\u00eda Casarejos. N\u00famero de investigadores\/as: 7. Entidad financiadora: C\u00e1tedra Empresa Familiar. 2019-2020. Duraci\u00f3n (13 meses).<\/p>\n\n\n\n<p>An\u00e1lisis del cambio en el sistema de adquisiciones de armamento y material. IP: Francisco Callado Mu\u00f1oz. Entidad: Centro Universitario de la Defensa de Zaragoza, Academia General Militar. 2019.<\/p>\n\n\n\n<p>Tipolog\u00eda de socios tecnol\u00f3gicos en la industria espa\u00f1ola de defensa y su efecto en el volumen de inversi\u00f3n. IP: Marta Fern\u00e1ndez Olmos y Francisco Callado Mu\u00f1oz. Entidad financiadora: Centro Universitario de la Defensa de Zaragoza, Academia General Militar. 2019.<\/p>\n\n\n\n<p>La influencia de la importaci\u00f3n en el resultado innovador de la empresa familiar espa\u00f1ola. IP: Marisa Ram\u00edrez Ales\u00f3n. Entidad financiadora: C\u00e1tedra Empresa Familiar. 2019.<\/p>\n\n\n\n<p>Asesoramiento para la puesta en marcha de Business Game. IP: Manuel A. Escuer. Entidad financiadora: Universidad Europea de Canarias, S.L.U. 2018.<\/p>\n\n\n\n<p>Corporate governance and takeovers outcomes. IP: Isabel Acero Fraile. Entidad financiadora: Fundaci\u00f3n Bancaria Ibercaja y Universidad de Zaragoza. 2018.<\/p>\n\n\n\n<p>Inversi\u00f3n en defensa, eficiencia y crecimiento econ\u00f3mico en el S.XXI. IP: Natalia Utrero Gonz\u00e1lez. Entidad: Centro Universitario de la Defensa de Zaragoza, Academia General Militar. 2018.<\/p>\n\n\n\n<p>Factores influyentes en el resultado de las colaboraciones tecnol\u00f3gicas de las empresas en la industria de seguridad y defensa a lo largo del tiempo. IP: Marta Fern\u00e1ndez Olmos y Francisco Callado Mu\u00f1oz. Entidad financiadora: Centro Universitario de la Defensa de Zaragoza, Academia General Militar. 2018.<\/p>\n\n\n\n<p>Inversi\u00f3n en defensa, competitividad y desarrollo econ\u00f3mico. IP: Natalia Utrero Gonz\u00e1lez. Entidad: Centro Universitario de la Defensa de Zaragoza, Academia General Militar. 2017.<\/p>\n\n\n\n<p>Los mecanismos de los desbordamientos de productividad en la cadena vertical. IP: Pedro S\u00e1nchez Sellero. Entidad financiadora: Universidad de Zaragoza. 2017.<\/p>\n\n\n\n<p>La Industria 4.0 como motor para la adopci\u00f3n de la innovaci\u00f3n en la empresa familiar. IP: Antonio Mu\u00f1oz Porcar. Entidad financiadora: C\u00e1tedra Empresa Familiar. 2017.<\/p>\n\n\n\n<p>Factores influyentes en el resultado de las colaboraciones tecnol\u00f3gicas de las Pymes familiares a lo largo del tiempo. IP: Marta Fern\u00e1ndez Olmos. Entidad financiadora: C\u00e1tedra Empresa Familiar. 2017.<\/p>\n","protected":false},"excerpt":{"rendered":"<p>T\u00edtulo confidencial. IP: Marta Fern\u00e1ndez Olmos. N\u00famero de investigadores\/as: 1. Entidad de realizaci\u00f3n: Facultad de Econom\u00eda y Empresa &#8211; Universidad de Zaragoza. Entidad financiadora: Haute Ecole de Gestion de Geneve. 2019-2022. Duraci\u00f3n. (37 meses). Procesos de innovaci\u00f3n para productos agr\u00edcolas exportables durante la pandemia de COVID-19: un an\u00e1lisis comparativo de la industria del vino en [&hellip;]<\/p>\n","protected":false},"author":3,"featured_media":0,"parent":1464,"menu_order":0,"comment_status":"closed","ping_status":"closed","template":"","meta":{"_acf_changed":false,"_genesis_hide_title":false,"_genesis_hide_breadcrumbs":false,"_genesis_hide_singular_image":false,"_genesis_hide_footer_widgets":false,"_genesis_custom_body_class":"","_genesis_custom_post_class":"","_genesis_layout":"","footnotes":""},"class_list":{"0":"post-1472","1":"page","2":"type-page","3":"status-publish","5":"entry"},"acf":[],"_links":{"self":[{"href":"https:\/\/compete.unizar.es\/en\/wp-json\/wp\/v2\/pages\/1472","targetHints":{"allow":["GET"]}}],"collection":[{"href":"https:\/\/compete.unizar.es\/en\/wp-json\/wp\/v2\/pages"}],"about":[{"href":"https:\/\/compete.unizar.es\/en\/wp-json\/wp\/v2\/types\/page"}],"author":[{"embeddable":true,"href":"https:\/\/compete.unizar.es\/en\/wp-json\/wp\/v2\/users\/3"}],"replies":[{"embeddable":true,"href":"https:\/\/compete.unizar.es\/en\/wp-json\/wp\/v2\/comments?post=1472"}],"version-history":[{"count":0,"href":"https:\/\/compete.unizar.es\/en\/wp-json\/wp\/v2\/pages\/1472\/revisions"}],"up":[{"embeddable":true,"href":"https:\/\/compete.unizar.es\/en\/wp-json\/wp\/v2\/pages\/1464"}],"wp:attachment":[{"href":"https:\/\/compete.unizar.es\/en\/wp-json\/wp\/v2\/media?parent=1472"}],"curies":[{"name":"wp","href":"https:\/\/api.w.org\/{rel}","templated":true}]}}