{"id":1461,"date":"2020-02-05T12:41:54","date_gmt":"2020-02-05T11:41:54","guid":{"rendered":"https:\/\/compete.unizar.es\/research-lines\/tesis\/"},"modified":"2022-06-03T14:34:18","modified_gmt":"2022-06-03T12:34:18","slug":"thesis","status":"publish","type":"page","link":"https:\/\/compete.unizar.es\/en\/research-lines\/thesis\/","title":{"rendered":"Thesis"},"content":{"rendered":"\n<p>La colaboraci\u00f3n p\u00fablico-privada en la obtenci\u00f3n de capacidades espaciales: evaluaci\u00f3n a trav\u00e9s de la metodolog\u00eda Maps y optimizaci\u00f3n bajo entornos de agencia. Doctorando: Jaime S\u00e1nchez Mayorga. Director: Jorge Rosell Mart\u00ednez. Calificaci\u00f3n: sobresaliente cum laude. Fecha de defensa: 8 de marzo de 2021.<\/p>\n\n\n\n<p>El valor de los datos. Evaluaci\u00f3n de la unidad provincial del Instituto Brasile\u00f1o de Geograf\u00eda y Estad\u00edstica (IBGE) en Minas Gerais, Brasil. Doctorando: Alexandre de Lima Veloso. Directores: Luc\u00eda Isabel Garc\u00eda Cebri\u00e1n y Chaime Marcuello Serv\u00f3s. Calificaci\u00f3n: sobresaliente cum laude. Fecha de defensa: 25 de febrero de 2020.<\/p>\n\n\n\n<p>Factores de competitividad del sector vitivin\u00edcola espa\u00f1ol. Doctorando: Juan Ram\u00f3n Ferrer Lorenzo. Directoras: Silvia Abella Garc\u00e9s y M\u00aa Teresa Maza Rubio. Calificaci\u00f3n: sobresaliente cum laude por unanimidad. Fecha de defensa: 4 de noviembre de 2019.<\/p>\n\n\n\n<p>Repercusi\u00f3n de la localizaci\u00f3n en el performance de las empresas. An\u00e1lisis en los parques cient\u00edficos y tecnol\u00f3gicos de Espa\u00f1a. Doctoranda: Magda Andrea Monsalve Pel\u00e1ez. Directores: Luc\u00eda Isabel Garc\u00eda Cebri\u00e1n y Antonio Mu\u00f1oz Porcar. Calificaci\u00f3n: sobresaliente cum laude por unanimidad. Fecha de defensa: 7 de julio de 2017.<\/p>\n\n\n\n<p>La relevancia de las importaciones en la actividad empresarial. Doctorando: Carlos Bellido P\u00e9rez. Directora: Marisa Ram\u00edrez Ales\u00f3n. Calificaci\u00f3n: Sobresaliente cum laude por unanimidad. Fecha de defensa: 26 de febrero de 2016.<\/p>\n\n\n\n<p>Beyond the game: three essays on how economics links to the industry of basketball. Doctoranda: Marta Brosed L\u00e1zaro. Director: Manuel Espitia Escuer. Fecha de defensa: 7 de noviembre de 2016.<\/p>\n\n\n\n<p>Factores de localizaci\u00f3n de la inversi\u00f3n extranjera directa: importancia e influencia en el comportamiento inversor de las empresas europeas en Espa\u00f1a. Doctorando: Jorge Fleta As\u00edn. Directora: Marisa Ram\u00edrez Ales\u00f3n. Calificaci\u00f3n: apto cum laude por unanimidad. Fecha de defensa: 15 de octubre de 2012. Premio del Consejo Econ\u00f3mico y Social de Arag\u00f3n\u2013CESA- 2013.<\/p>\n\n\n\n<p>Medici\u00f3n de la eficiencia en la Liga mexicana de f\u00fatbol de primera divisi\u00f3n. Doctorando: Celeste Torres Davila. Directora: Luc\u00eda Isabel Garc\u00eda Cebri\u00e1n. Fecha de defensa: 28 de junio de 2012.<\/p>\n\n\n\n<p>Mercado de agua en Venezuela: An\u00e1lisis de la eficiencia t\u00e9cnica global y econ\u00f3mica de las empresas hidrol\u00f3gicas venezolanas. Doctorando: Lenny Escalona Anzola. Directores: Manuel Espitia Escuer y Luc\u00eda Isabel Garc\u00eda Cebri\u00e1n. Calificaci\u00f3n: sobresaliente cum Laude. Fecha de defensa:18 de febrero de 2009.<\/p>\n\n\n\n<p>An\u00e1lisis del comportamiento exportador de la PYME: caracter\u00edsticas empresariales. Doctoranda: Natalia Dejo Oricain. Directora: Marisa Ram\u00edrez Ales\u00f3n. Calificaci\u00f3n: sobresaliente cum laude por unanimidad. Fecha de defensa: 18 de diciembre de 2009.<\/p>\n\n\n\n<p>Localizaci\u00f3n empresarial y ventaja competitiva: aplicaci\u00f3n a las comarcas aragonesas. Doctorando: Antonio Mu\u00f1oz Porcar. Directores: Manuel Espitia Escuer y Luc\u00eda Isabel Garc\u00eda Cebri\u00e1n. Calificaci\u00f3n: sobresaliente cum laude. Fecha de defensa: 08 de octubre de 2008.<\/p>\n\n\n\n<p>An\u00e1lisis de la actividad internacional de las empresas en Venezuela. Doctorando: Fernando Sosa G\u00f3mez. Directora: Marisa Ram\u00edrez Ales\u00f3n. Calificaci\u00f3n: sobresaliente cum laude por unanimidad. Fecha de defensa: 24 de junio de 2008.<\/p>\n\n\n\n<p>An\u00e1lisis econ\u00f3mico de la gesti\u00f3n de la calidad total: factores determinantes del \u00e9xito o fracaso. Doctorando: Javier Garc\u00eda Bernal. Directoras: Marisa Ram\u00edrez Ales\u00f3n y Pilar Rivera Torres. Calificaci\u00f3n: Sobresaliente cum laude por unanimidad. Fecha de defensa: 7 de febrero de 2007.<\/p>\n\n\n\n<p>Repercusi\u00f3n de los mecanismos de regulaci\u00f3n medioambiental sobre el resultado de las empresas y sus factores moderadores. Un an\u00e1lisis de las \u00faltimas directivas europeas implantadas en Espa\u00f1a. Doctorando: Joaqu\u00edn Ca\u00f1\u00f3n de Francia. Directoras: Concepci\u00f3n Garc\u00e9s Ayerbe y Marisa Ram\u00edrez Ales\u00f3n. Calificaci\u00f3n: sobresaliente cum laude por unanimidad. Fecha de defensa: 26 de febrero de 2007.<\/p>\n\n\n\n<p>La actividad inversora de las empresas espa\u00f1olas con crecimiento y m\u00faltiples bienes de capital. Doctoranda: Gema Pastor Agust\u00edn. Directores: Manuel Espitia Escuer y Marisa Ram\u00edrez Ales\u00f3n. Calificaci\u00f3n: sobresaliente cum laude por unanimidad. Fecha de defensa: 16 de noviembre de 2007.<\/p>\n\n\n\n<p>La internacionalizaci\u00f3n de la empresa espa\u00f1ola: los recursos intangibles como factor determinante. Doctorando: Jos\u00e9 Manuel Delgado G\u00f3mez. Directores: Manuel Espitia Escuer y Marisa Ram\u00edrez Ales\u00f3n. Calificaci\u00f3n: sobresaliente cum laude por unanimidad, premiada con un Acc\u00e9sit en los premios del Consejo Econ\u00f3mico y Social para Tesis Doctorales. Convocatoria 2005. Fecha de defensa: 7 de abril de 2005.<\/p>\n","protected":false},"excerpt":{"rendered":"<p>La colaboraci\u00f3n p\u00fablico-privada en la obtenci\u00f3n de capacidades espaciales: evaluaci\u00f3n a trav\u00e9s de la metodolog\u00eda Maps y optimizaci\u00f3n bajo entornos de agencia. Doctorando: Jaime S\u00e1nchez Mayorga. Director: Jorge Rosell Mart\u00ednez. Calificaci\u00f3n: sobresaliente cum laude. Fecha de defensa: 8 de marzo de 2021. El valor de los datos. Evaluaci\u00f3n de la unidad provincial del Instituto Brasile\u00f1o [&hellip;]<\/p>\n","protected":false},"author":3,"featured_media":0,"parent":1445,"menu_order":0,"comment_status":"closed","ping_status":"closed","template":"","meta":{"_acf_changed":false,"_genesis_hide_title":false,"_genesis_hide_breadcrumbs":false,"_genesis_hide_singular_image":false,"_genesis_hide_footer_widgets":false,"_genesis_custom_body_class":"","_genesis_custom_post_class":"","_genesis_layout":"","footnotes":""},"class_list":{"0":"post-1461","1":"page","2":"type-page","3":"status-publish","5":"entry"},"acf":[],"_links":{"self":[{"href":"https:\/\/compete.unizar.es\/en\/wp-json\/wp\/v2\/pages\/1461","targetHints":{"allow":["GET"]}}],"collection":[{"href":"https:\/\/compete.unizar.es\/en\/wp-json\/wp\/v2\/pages"}],"about":[{"href":"https:\/\/compete.unizar.es\/en\/wp-json\/wp\/v2\/types\/page"}],"author":[{"embeddable":true,"href":"https:\/\/compete.unizar.es\/en\/wp-json\/wp\/v2\/users\/3"}],"replies":[{"embeddable":true,"href":"https:\/\/compete.unizar.es\/en\/wp-json\/wp\/v2\/comments?post=1461"}],"version-history":[{"count":0,"href":"https:\/\/compete.unizar.es\/en\/wp-json\/wp\/v2\/pages\/1461\/revisions"}],"up":[{"embeddable":true,"href":"https:\/\/compete.unizar.es\/en\/wp-json\/wp\/v2\/pages\/1445"}],"wp:attachment":[{"href":"https:\/\/compete.unizar.es\/en\/wp-json\/wp\/v2\/media?parent=1461"}],"curies":[{"name":"wp","href":"https:\/\/api.w.org\/{rel}","templated":true}]}}