{"id":1458,"date":"2020-02-05T12:27:20","date_gmt":"2020-02-05T11:27:20","guid":{"rendered":"https:\/\/compete.unizar.es\/research-lines\/publicaciones-academicas\/"},"modified":"2022-06-03T14:31:09","modified_gmt":"2022-06-03T12:31:09","slug":"academic-publications","status":"publish","type":"page","link":"https:\/\/compete.unizar.es\/en\/research-lines\/academic-publications\/","title":{"rendered":"Academic publications"},"content":{"rendered":"\n<p><strong>The following are research results that have been published in journals indexed in the Journal Citation Report (JCR):<\/strong><\/p>\n\n\n\n<p>S\u00e1nchez-Sellero, P. y Bataineh, M. J. (<em>online<\/em>): \u201cHow R&amp;D cooperation, R&amp;D expenditures, public funds and R&amp;D intensity affect green innovation?\u201d, Technology Analysis &amp; Strategic Management, pp.1-14. <a href=\"https:\/\/doi.org\/10.1080\/09537325.2021.1947490\">https:\/\/doi.org\/10.1080\/09537325.2021.1947490<\/a><\/p>\n\n\n\n<p>Fern\u00e1ndez-Olmos, M., Gargallo, A. y Malorgio, G. (<em>in press<\/em>): \u201cDo institutional networks affect winery survival?\u201d, British Food Journal. DOI.10.1108\/BFJ-09-2020-0836<\/p>\n\n\n\n<p>Alcalde, N., y Powell, R. (2022): \u201cGovernment intervention in European mergers and acquisitions\u201d. The North American Journal of Economics and Finance, 61 101689. DOI <a href=\"https:\/\/doi.org\/10.1016\/j.najef.2022.101689\">https:\/\/doi.org\/10.1016\/j.najef.2022.101689<\/a><\/p>\n\n\n\n<p>Callado-Mu\u00f1oz, F. J., Fern\u00e1ndez-Olmos, M., Ram\u00edrez-Ales\u00f3n, M. y Utrero-Gonz\u00e1lez, N. (2022): \u201cCharacterisation of technological collaborations and evolution in the Spanish defence industry\u201d, Defence and Peace Economics, 33 (2), pp. 219-238. DOI. 10.1080\/10242694.2020.1799168<\/p>\n\n\n\n<p>Callado-Mu\u00f1oz, F. J., Hromcov\u00e1, J., Sanso-Navarro, M., Utrero-Gonz\u00e1lez, N. y Vera-Cabello, M. (2022): \u201cFirm performance in regulated markets: the case of Spanish defence industry\u201d. Defence and Peace Economics, 33 (2), pp.201-218. DOI.<a href=\"https:\/\/doi.org\/10.1080\/10242694.2020.1783622\">https:\/\/doi.org\/10.1080\/10242694.2020.1783622<\/a><\/p>\n\n\n\n<p>Ferrer, J.R., Abella-Garc\u00e9s, S. y Serrano, R. (2022): \u201cVertical and horizontal networks and export performance in the Spanish wine industry\u201d, Journal of Wine Economics, 16 (4), pp.400-410. DOI. 10.1017\/jwe.2021.35.<\/p>\n\n\n\n<p>Acero, I. y Alcalde, N. (2021): \u201cInstitutional context as a moderator of the relationship between board structure and acquirer returns\u201d, Research in International Business and Finance, 57. <a href=\"https:\/\/doi.org\/10.3846\/jbem.2020.11788\">https:\/\/doi.org\/10.1016\/j.ribaf.2021.101420<\/a><\/p>\n\n\n\n<p>Alcalde, N. (2021): \u201cMercado de control corporativo: dos modelos a examen. Espa\u00f1a vs Irlanda\u201d Papeles de Europa, 33 (2), pp.69-78. <a href=\"https:\/\/doi.org\/10.5209\/pade.75433\">https:\/\/doi.org\/10.5209\/pade.75433<\/a><\/p>\n\n\n\n<p>Alonso-Nuez, M.J., Gil-Lacruz, A.I. y Rosell-Mart\u00ednez, J. (2021): \u201cAssessing evaluation: why student engages or resists to active learning?\u201d, International Journal of Technology and Design Education, 31 (5), pp.1001-1017. DOI: 10.1007\/s10798-020-09582-1<\/p>\n\n\n\n<p>P\u00e9rez-Calle, R.D., Garc\u00eda-Casarejos, N. y Garc\u00eda-Bernal, J. (2021): \u201cLa empresa espa\u00f1ola ante la COVID-19: factores de adaptaci\u00f3n al nuevo escenario\u201d. Retos Revista de Ciencias de la Administraci\u00f3n y Econom\u00eda, 11 (21), pp.5-24. <a href=\"https:\/\/doi.org\/10.17163\/ret.n21.2021.01\">https:\/\/doi.org\/10.17163\/ret.n21.2021.01<\/a> <\/p>\n\n\n\n<p>Ram\u00edrez-Ales\u00f3n, M. y Fern\u00e1ndez-Olmos, M. (2021): &#8220;Which intermediate import source is best for innovation in MNEs?&#8221;, Baltic Journal of Management, 16 (4), pp.564-581. <a href=\"https:\/\/doi.org\/10.1108\/BJM-09-2020-0348\">https:\/\/doi.org\/10.1108\/BJM-09-2020-0348<\/a><\/p>\n\n\n\n<p>S\u00e1nchez-Sellero, M.C., Garc\u00eda-Carro, B. y S\u00e1nchez-Sellero, P. (2021): &#8220;Synthetic indicators of quality of subjective life in the EU: rural and urban areas&#8221;, Prague Economic Papers, 30 (5), pp. 529-551. <a href=\"https:\/\/doi.org\/10.18267\/j.pep.783\">https:\/\/doi.org\/10.18267\/j.pep.783<\/a><\/p>\n\n\n\n<p>Serrano, R., Acero, I. y Dejo-Oricain, N. (2021): \u201cCollaborative networks and export intensity in family firms: a quantile regression approach\u201d, European Journal of International Management, 15 (2\/3), pp.484-509. DOI. 10.1504\/EJIM.2020.10025271<\/p>\n\n\n\n<p>Acero, I. y Alcalde, N. (2020): \u201cDirectors\u2019 compensation. What really matters?\u201d, Journal of Business Economics and Management, 21 (1), pp.180-199. <a href=\"https:\/\/doi.org\/10.3846\/jbem.2020.11788%20\">https:\/\/doi.org\/10.3846\/jbem.2020.11788<\/a><\/p>\n\n\n\n<p>Espitia-Escuer, M. y Garc\u00eda-Cebri\u00e1n, L.I. (2020): \u201cEfficiency of football teams from an organisation management perspective\u201d, Managerial and Decision Economics, 41 (3), pp.321-338.<\/p>\n\n\n\n<p>Ferrer, J.R., Abella-Garc\u00e9s, S. y Maza-Rubio, M.T. (2020): \u201cHuman resource practices and performance in small Spanish wineries, and their evolution with age and size\u201d, Ciencia e Tecnica Vitivinicola, 35 (2), pp.120-132. DOI: 10.1051\/ctv\/ctv20203502107<\/p>\n\n\n\n<p>Fleta-Asin, J., Mu\u00f1oz, F. y Rosell-Martinez, J. (2020): \u201cPublic-private partnerships: determinants of the type of governance structure\u201d, Public Management Review, 22 (10), pp.1489-1514. DOI: 10.1080\/14719037.2019.1637014<\/p>\n\n\n\n<p>Ram\u00edrez-Ales\u00f3n, M. y Fern\u00e1ndez-Olmos, M. (2020): \u201cIntermediate imports and innovation performance: Do family firms benefit more?\u201d, European Journal of Innovation Management, 23 (5), pp.835-855. DOI: 10.1108\/EJIM-05-2019-0116<\/p>\n\n\n\n<p>Callado-Mu\u00f1oz, F.J., Rey, E. y Utrero-Gonz\u00e1lez, N. (2019): \u201cIncome-contingent loan with personal insurance policy: an empirical assessment using Spanish data\u201d, Applied Economics, 51 (52), pp.5701-5711. DOI: 10.1080\/00036846.2019.1619017<\/p>\n\n\n\n<p>Ferrer-Lorenzo, J.R., Abella-Garc\u00e9s, S. y Maza, M.T. (2019): \u201cSpanish wine cooperatives business performance: innovation capabilities and miles and snow strategies\u201d, Journal of Wine Economics, 13 (4), pp.409-416.<\/p>\n\n\n\n<p>Mart\u00ednez-S\u00e1nchez, A.; Abella-Garc\u00e9s, S.; Vela-Jim\u00e9nez, MJ. y Gorgemans, S. (2019): \u201cFlexibility and innovation: moderator effects of cooperation and dynamism\u201d, Personnel Review, 48 (6), pp. 1548-1564.<\/p>\n\n\n\n<p>S\u00e1nchez-Sellero, M. C. y S\u00e1nchez-Sellero, P. (2019): \u201cVariables determining total and electrical expenditure in Spanish households\u201d, Sustainable Cities and Society, 48 (101535), pp.1-7.<\/p>\n\n\n\n<p>Utrero Gonz\u00e1lez, N., Callado Mu\u00f1oz, F.J. y Aiger Valles, M. (2019): \u201cLiderazgo en el nuevo sistema de educaci\u00f3n del Ej\u00e9rcito de Tierra de Espa\u00f1a. Leadership in the new Spanish Army Education System\u201d, Revista de Educaci\u00f3n, 385, pp.119-144.<\/p>\n\n\n\n<p>Callado-Mu\u00f1oz, F.J., Hromcova J. y Utrero Gonz\u00e1lez N. (2018): &#8220;Effects of institutional environment and technology development on payment choice&#8221;, Technological and Economic Development of Economy, 24 (1), pp. 81-107. <a href=\"http:\/\/dx.doi.org\/10.3846\/20294913.2015.1074952\">http:\/\/dx.doi.org\/10.3846\/20294913.2015.1074952<\/a><\/p>\n\n\n\n<p>Mart\u00ednez-S\u00e1nchez, A., P\u00e9rez-P\u00e9rez, M.; Vela-Mart\u00ednez, MJ. y Abella-Garc\u00e9s, S. (2018): \u201cJob satisfaction and work-family policies through work-family enrichment\u201d, Journal of Managerial Psycology, 33(4-5), pp. 386-402.<\/p>\n\n\n\n<p>Ram\u00edrez-Ales\u00f3n, M. y Fern\u00e1ndez-Olmos, M. (2018): \u201cUnravelling the effects of Science Parks on the innovation performance of NTBFs\u201d, Journal of Technology Transfer, 43 (2), pp.482-505.<\/p>\n\n\n\n<p>S\u00e1nchez Sellero, M.C. y S\u00e1nchez Sellero, P. (2018). \u201cAlianza entre empleadores y empleados en la nueva era de internet\u201d, RAE-Revista de Administracao de Empresas, 58 (5), pp.519-520.<\/p>\n\n\n\n<p>S\u00e1nchez-Sellero, M.C. y S\u00e1nchez-Sellero, P. (2018): \u201cDeterminantes de la satisfacci\u00f3n laboral en la industria de la madera y el papel: estudio en Espa\u00f1a y hallazgos en otros pa\u00edses\u201d. Maderas-ciencia y tecnolog\u00eda, 20 (4), pp.641-660.<\/p>\n\n\n\n<p>S\u00e1nchez-Sellero, M.C., S\u00e1nchez-Sellero, P., Cruz-Gonz\u00e1lez, M.M. y S\u00e1nchez-Sellero, F.J. (2018): \u201cDeterminants of job satisfaction in the Spanish wood and paper industries: A comparative study across Spain [Odrednice zadovoljstva poslom u \u0161panjolskoj drvnoj i papirnoj industriji: Komparativna studija s tr\u017ei\u0161tem rada u \u0161panjolskoj]\u201d, Drvna Industrija, 69 (1), pp.71-80.<\/p>\n\n\n\n<p>Serrano, R., Fern\u00e1ndez-Olmos, M. y Pinilla, V. (2018): \u201cInternationalization and performance in agri-food firms\u201d, Spanish Journal of Agricultural Research, 16 (2), pp. e0107 [16 pp].<\/p>\n\n\n\n<p>Acero, I., Serrano, R. y Dimitropoulos, P. (2017): &#8220;Ownership structure and financial performance in European football&#8221;, Corporate Governance: The international journal of business in society, 17 (3), pp.511-523.<\/p>\n\n\n\n<p>Callado-Mu\u00f1oz, F.J., Del Rey E. y Utrero Gonz\u00e1lez N. (2017): &#8220;Estimating taxpayer subsidies and individual repayment burdens of a student loan program in Spain&#8221;, Hacienda P\u00fablica Espa\u00f1ola\/Review of Public Economics, 220 (1), pp.89-106. DOI: 10.7866\/HPE-RPE.17.1.3<\/p>\n\n\n\n<p>Callado-Mu\u00f1oz, F.J., Gonz\u00e1lez-Chapela, J. y Utrero-Gonz\u00e1lez, N. (2017): \u201cAnalysis of variance in household financial portfolio choice: evidence from Spain\u201d, Finance a Uver-Czech Journal of Economics and Finance, 67 (5), pp.439-459.<\/p>\n\n\n\n<p>D\u00edez-Vial, I. y Fern\u00e1ndez, M. (2017): \u201cThe effect of science and technology parks on firms\u2019 performance: A dynamic approach over time\u201d. Journal of evolutionary Economics, 27 (3), pp.413-434. DOI 10.1007\/s00191-016-0481-5<\/p>\n\n\n\n<p>D\u00edez-Vial, I. y Fern\u00e1ndez-Olmos, M. (2017): \u201cThe effect of science and technology parks on firms\u2019 performance: how can firms benefit most under economic downturns?\u201d, Technology Analysis and Strategic Management, 29 (10), pp.1153-1166.<\/p>\n\n\n\n<p>Fern\u00e1ndez-Olmos, M. y Ram\u00edrez-Ales\u00f3n, M. (2017): \u201cHow internal and external factors influence the dynamics of SME technology collaboration networks over time\u201d, Technovation, 64, pp.16-27.<\/p>\n\n\n\n<p>Fonseca, R. y Utrero-Gonz\u00e1lez, N. (2017): &#8220;Financial markets and firm size: The role of employment protection laws and barriers to entrepreneurship&#8221;, Applied Economics, 49 (26), pp. 2515-2531.<\/p>\n\n\n\n<p>S\u00e1nchez Sellero, M.C., S\u00e1nchez Sellero, P. y Mart\u00ednez Filgueira, X.M. (2017): &#8220;Effects of socio &#8211; demographic changes on the labour market of Galicia in Spain&#8221;, Argumenta Oeconomica, 38 (1), pp.41-62.<\/p>\n\n\n\n<p>S\u00e1nchez Sellero, M.C., S\u00e1nchez Sellero, P., Cruz Gonz\u00e1lez, M.M. y S\u00e1nchez Sellero, F.J. (2017): &#8220;Stability and satisfaction at work during the Spanish economic crisis&#8221;, Prague Economic Papers, 26(1), pp. 72-89. DOI:10.18267\/j.pep.596<\/p>\n\n\n\n<p>S\u00e1nchez-Sellero, M.C. y S\u00e1nchez-Sellero, P. (2017): \u201cJob satisfaction in Spain. Analysis of the factors in the economic crisis of 2008\u201d, Revija Za Socijalnu Politiku, 24 (3), pp.277-300.<\/p>\n\n\n\n<p>Utrero-Gonz\u00e1lez, N., Hromcov\u00e1, J., Callado Mu\u00f1oz, F.J. (2017): \u201cDefence Spending, Institutional environment and economic growth: Case of NATO\u201d, Defence and Peace Economics, 30 (5), pp. 525-548.<\/p>\n\n\n\n<p>Zambom-Ferraresi, F., Garc\u00eda-Cebri\u00e1n, L.I., Lera-L\u00f3pez y F. e Ir\u00e1izoz, B. (2017): &#8220;Performance evaluation in the UEFA champions league&#8221;, Journal of Sports Economics, 18, pp.448-470.<\/p>\n\n\n\n<p>Acero, I. y Alcalde, N. (2016): &#8220;Controlling shareholders and the composition of the board: special focus on family firms&#8221;, Review of Managerial Science, 16 (1), pp.61-83.<\/p>\n\n\n\n<p>Alcalde, N. y P\u00e9rez-Soba, I. (2016): &#8220;Has the EU takeover directive improved minority shareholder protection? The Spanish evidence&#8221;, European Business Organization Law Review, 17, pp.261-283.<\/p>\n\n\n\n<p>Callado-Mu\u00f1oz, F.J. y Utrero Gonz\u00e1lez N. (2016): &#8220;Do investors react to corporate governance news? An empirical analysis for the Spanish market&#8221;, Business Research Quarterly, 19 (1), pp. 13-25.<\/p>\n\n\n\n<p>Fernandez Olmos, M., Dejo Oricain, N. y Rosell Martinez, J. (2016): &#8220;Product differentiation strategy and vertical integration: An application to DOC Rioja wine industry&#8221;, Journal of Business Economics and Management, 17 (5), pp.796-809.<\/p>\n\n\n\n<p>Fern\u00e1ndez-Olmos, M., Gargallo-Castel, A. y Giner-Bag\u00fces, E. (2016): &#8220;Internationalisation and performance in Spanish family SMES: The W-curve&#8221;, Business Research Quarterly, 2 (19), pp. 122-136. <a href=\"https:\/\/doi.org\/10.1016\/j.brq.2015.07.001\">https:\/\/doi.org\/10.1016\/j.brq.2015.07.001<\/a><\/p>\n\n\n\n<p>Garc\u00eda-Bernal, J. y Garc\u00eda-Casarejos, N. (2016): &#8220;Determinants in the adoption of total quality management (tqm) in the construction sector: a management perspective&#8221;, Revista de la Construcci\u00f3n-Journal of Construction, 15 (2), pp.28-36.<\/p>\n\n\n\n<p>Ram\u00edrez-Ales\u00f3n, M. y Fleta-As\u00edn, J. (2016): \u201cIs the importance of location factors different depending on the degree of development of the country?\u201d, Journal of International Management, 22 (1), pp.29-43.<\/p>\n\n\n\n<p>Salas-Fum\u00e1s, V., Rosell-Mart\u00ednez, J y Delgado-G\u00f3mez, J.M. (2016): &#8220;Capacity, investment and market power in the economic value of energy firms&#8221;, Energy Economics, 53 pp.28-39.<\/p>\n\n\n\n<p>S\u00e1nchez-Sellero, P., Rosell-Mart\u00ednez, J. y Garc\u00eda-V\u00e1zquez, J.M. (2016): &#8220;Corrigendum to &#8220;absorptive capacity from foreign direct investment in Spanish manufacturing firms&#8221; [Int. Bus. Rev. 23(2) (2014) 429\u2013439]&#8221;, International Business Review, 25 (2), pp.620.<\/p>\n\n\n\n<p>Serrano, R. y Pinilla, V. (2016): &#8220;The declining role of latin America in global agricultural trade, 1963-2000&#8221;, Journal of Latin American Studies, 01 (48), pp.115-146.<\/p>\n\n\n\n<p>Serrano, R., Acero Fraile, I. y F\u00e9rnandez-Olmos, M. (2016): &#8220;Networks and export performance of agri-food firms: new evidence linking micro and macro determinants&#8221;, Agricultural Economics-Zemedelska Ekonomika, 62 (10), pp.459-470.<\/p>\n\n\n\n<p>Alcalde Fradejas, N. y Ram\u00edrez Ales\u00f3n, M. (2015): &#8220;Long-run profits in times of crisis: a comparison between European SMEs and large companies&#8221;, Estudios de Econom\u00eda, 42 (1), pp. 79-97.<\/p>\n\n\n\n<p>Alonso Nuez, M. J., Flores-Garc\u00eda, M. y Mu\u00f1oz Porcar, A. (2015): &#8220;Construction Industry in Spain, is it guilty of the current crisis?&#8221;, Applied Economics, Vol 47, pp.3994-4006.<\/p>\n\n\n\n<p>Alonso-Nuez, M.J., Rosell-Mart\u00ednez, J. y Mu\u00f1oz Porcar, A. (2015): &#8220;Does deregulation encourage anticompetitive behavior?&#8221;, Journal of Competition Law &amp; Economics, 11 (4), pp.1033-1048. <a href=\"https:\/\/doi.org\/10.1093\/joclec\/nhv035\">https:\/\/doi.org\/10.1093\/joclec\/nhv035<\/a> \u00a0<\/p>\n\n\n\n<p>Clar, E., Serrano, R. y Pinilla, V. (2015): &#8220;El comercio agroalimentario espa\u00f1ol en la segunda globalizaci\u00f3n, 1951-2011&#8221;, Historia Agraria, 65, pp.149-186.<\/p>\n\n\n\n<p>D\u00edez-Vial, I. y Fern\u00e1ndez-Olmos, M. (2015): &#8220;Knowledge spillovers in science and technology parks: how can firms benefit most?&#8221;, Journal of Technology Transfer, 40, pp.70-84.<\/p>\n\n\n\n<p>Espitia-Escuer, M., Garc\u00eda-Cebri\u00e1n, L.I. y Mu\u00f1oz-Porcar, A. (2015): &#8220;Location as a competitive advantage for entrepreneurship an empirical application in the Region of Aragon (Spain)&#8221;, International Entrepreneurship and Management Journal, 11, pp.133-148.<\/p>\n\n\n\n<p>Fern\u00e1ndez-Olmos, M. y D\u00edez-Vial, I. (2015): &#8220;Intangible resources, export channel and performance: is there any fit?&#8221;, Journal of Business Economics and Management, 5 (16), pp. 1013-1033.<\/p>\n\n\n\n<p>Fern\u00e1ndez-Olmos, M. y D\u00edez-Vial, I. (2015): &#8220;Internationalization pathways and the performance of SMEs&#8221;, European Journal of Marketing, 49 (3\/4), pp.420-443.<\/p>\n\n\n\n<p>Mu\u00f1oz Porcar, A., Alonso Nuez, M.J., Flores-Garc\u00eda, M. y Duret-Solanas, D. (2015): &#8220;The renewal of assets using a tool to aid decision making&#8221;. Management Decision, 53 (7), pp.1412-1419.<\/p>\n\n\n\n<p>S\u00e1nchez Sellero, P., S\u00e1nchez Sellero, M.C., S\u00e1nchez Sellero, F.J. y Cruz Gonz\u00e1lez, M.M. (2015): &#8220;Effects of innovation on technical progress in Spanish manufacturing firms&#8221;, Science Technology and Society, 20 (1), pp.44-59.<\/p>\n\n\n\n<p>Serrano, R. y Acero, I. (2015): &#8220;Rethinking entry mode choice of agro-exporters: the effect of the Internet&#8221;, International Food and Agribusiness Management Review, 3 (18), pp.67-85.<\/p>\n\n\n\n<p>Serrano, R., Garc\u00eda-Bernal, J., Fern\u00e1ndez-Olmos, M. y Espitia-Escuer, M. (2015): &#8220;Expected quality in European football attendance: market value and uncertainty reconsidered&#8221;, Applied Economics Letters, 22 (13), pp.1051-1054.<\/p>\n\n\n\n<p>Serrano, R., Garc\u00eda-Casarejos, N., Gil-Pareja, S., Llorca-Vivero, R. y Pinilla, V. (2015): &#8220;The Internationalisation of the Spanish food industry: The home market effect and European market integration&#8221;, Spanish Journal of Agricultural Research, 3 (13), pp. e0104 [13 pp].<\/p>\n\n\n\n<p>Acero, I. y Alcalde, N. (2014): &#8220;Ownership structure and board composition in a high ownership concentration context&#8221;, European Management Journal, 32, pp.646-657.<\/p>\n\n\n\n<p>Callado-Mu\u00f1oz, F.J. y Utrero Gonz\u00e1lez N. (2014): &#8220;Competing for water: golf courses in semiarid regions. The case of Spain&#8221;, Water Science Technology: Water Supply, 14 (5), pp.886-897.<\/p>\n\n\n\n<p>Callado-Mu\u00f1oz, F.J., Hromcova J. y Utrero Gonz\u00e1lez N. (2014): &#8220;Openness and technology diffusion in payment systems: the case of NAFTA&#8221;, Computational Economics, 43 (4), pp.497-519.<\/p>\n\n\n\n<p>D\u00edez-Vial, I. y Fern\u00e1ndez-Olmos, M. (2014): &#8220;How do local knowledge spillovers and experience affect export performance?&#8221;, European Planning Studies, 22 (1), pp.143-163.<\/p>\n\n\n\n<p>Fern\u00e1ndez-Olmos, M. y D\u00edez-Vial, I. (2014): &#8220;The direct or indirect exporting decision in agri-food firms&#8221;, Agribusiness, 30 (2), pp.148-164.<\/p>\n\n\n\n<p>Garc\u00eda Bernal, J. y Garc\u00eda-Casarejos, N. (2014): &#8220;Economic analysis of TQM adoption in the construction sector&#8221;, Total Quality Management &amp; Business Excellence, 3 (25), pp.209-221.<\/p>\n\n\n\n<p>Garc\u00eda-Bernal, J. (2014): &#8220;The Bertrand solution revisited: strategic price setting&#8221;, Applied Economics Letters, 18 (21), pp.1314-1318.<\/p>\n\n\n\n<p>Garc\u00eda-Bernal, J. y Ram\u00edrez-Ales\u00f3n, M. (2014): &#8220;Diluting the perverse element of rational altruism&#8221;, Business Research Quarterly, 17 (1), pp.31-46.<\/p>\n\n\n\n<p>Hromcova J., Callado-Mu\u00f1oz, F.J. y Utrero Gonz\u00e1lez N. (2014): &#8220;Effects of direct pricing of retail payment methods in Norway &#8220;, Economic Modelling, 37, pp.428-438.<\/p>\n\n\n\n<p>Rosell-Mart\u00ednez, J., S\u00e1nchez-Sellero y P. Garc\u00eda-V\u00e1zquez, J.M. (2014): \u201cSpillovers from foreign direct investment in Spanish manufacturing firms\u201d, Review of International Economics, 22 (2), 342-351. DOI: 10.1111\/roie.12115<\/p>\n\n\n\n<p>S\u00e1nchez Sellero, M.C., S\u00e1nchez Sellero, P., Cruz Gonz\u00e1lez, M.M. y S\u00e1nchez Sellero, F.J. (2014): &#8220;Organizational characteristics in the labour satisfaction in Spain&#8221;, Revista de Administra\u00e7\u00e3o de Empresas, 54 (5), pp.537-547.<\/p>\n\n\n\n<p>S\u00e1nchez-Sellero, P., Rosell-Mart\u00ednez, J. y Garc\u00eda-V\u00e1zquez, J.M. (2014): &#8220;Absorptive capacity from foreign direct investment in Spanish manufacturing firms&#8221;, International Business Review, 23 (2), pp.429-439.<\/p>\n\n\n\n<p>Serrano, R. y Pinilla, V. (2014): &#8220;Changes in the Structure of World Trade in the Agri-Food Industry: the impact of the home market effect and regional liberalization from a long-term perspective, 1963\u20132010&#8221;, Agribusiness, 2 (30), pp.165-183.&nbsp;<\/p>\n\n\n\n<p>Serrano, R. y Pinilla, V. (2014): &#8220;New directions of trade for the agri-food industry: a disaggregated approach for different income countries, 1963-2000&#8221;, Latin American Economic Review, 10 (23).<\/p>\n\n\n\n<p>Vela-Jim\u00e9nez, M.J., Mart\u00ednez-S\u00e1nchez, A., P\u00e9rez-P\u00e9rez, M. y Abella-Garc\u00e9s, S. (2014): \u201cHow environmental changes and cooperation moderate labour flexibility and firm performance?\u201d. Personnel Review, 43 (6), pp.915-936.<\/p>\n\n\n\n<p><\/p>\n","protected":false},"excerpt":{"rendered":"<p>The following are research results that have been published in journals indexed in the Journal Citation Report (JCR): S\u00e1nchez-Sellero, P. y Bataineh, M. J. (online): \u201cHow R&amp;D cooperation, R&amp;D expenditures, public funds and R&amp;D intensity affect green innovation?\u201d, Technology Analysis &amp; Strategic Management, pp.1-14. https:\/\/doi.org\/10.1080\/09537325.2021.1947490 Fern\u00e1ndez-Olmos, M., Gargallo, A. y Malorgio, G. (in press): \u201cDo [&hellip;]<\/p>\n","protected":false},"author":3,"featured_media":0,"parent":1445,"menu_order":0,"comment_status":"closed","ping_status":"closed","template":"","meta":{"_acf_changed":false,"_genesis_hide_title":false,"_genesis_hide_breadcrumbs":false,"_genesis_hide_singular_image":false,"_genesis_hide_footer_widgets":false,"_genesis_custom_body_class":"","_genesis_custom_post_class":"","_genesis_layout":"","footnotes":""},"class_list":{"0":"post-1458","1":"page","2":"type-page","3":"status-publish","5":"entry"},"acf":[],"_links":{"self":[{"href":"https:\/\/compete.unizar.es\/en\/wp-json\/wp\/v2\/pages\/1458","targetHints":{"allow":["GET"]}}],"collection":[{"href":"https:\/\/compete.unizar.es\/en\/wp-json\/wp\/v2\/pages"}],"about":[{"href":"https:\/\/compete.unizar.es\/en\/wp-json\/wp\/v2\/types\/page"}],"author":[{"embeddable":true,"href":"https:\/\/compete.unizar.es\/en\/wp-json\/wp\/v2\/users\/3"}],"replies":[{"embeddable":true,"href":"https:\/\/compete.unizar.es\/en\/wp-json\/wp\/v2\/comments?post=1458"}],"version-history":[{"count":0,"href":"https:\/\/compete.unizar.es\/en\/wp-json\/wp\/v2\/pages\/1458\/revisions"}],"up":[{"embeddable":true,"href":"https:\/\/compete.unizar.es\/en\/wp-json\/wp\/v2\/pages\/1445"}],"wp:attachment":[{"href":"https:\/\/compete.unizar.es\/en\/wp-json\/wp\/v2\/media?parent=1458"}],"curies":[{"name":"wp","href":"https:\/\/api.w.org\/{rel}","templated":true}]}}