{"id":1455,"date":"2020-02-05T12:41:32","date_gmt":"2020-02-05T11:41:32","guid":{"rendered":"https:\/\/compete.unizar.es\/research-lines\/proyectos-competitivos\/"},"modified":"2022-06-03T14:33:25","modified_gmt":"2022-06-03T12:33:25","slug":"competitive-projects","status":"publish","type":"page","link":"https:\/\/compete.unizar.es\/en\/research-lines\/competitive-projects\/","title":{"rendered":"Competitive projects"},"content":{"rendered":"\n<p>Estrategias de innovaci\u00f3n y gobierno responsable como factores de competitividad empresarial. IP: Marisa Ram\u00edrez Ales\u00f3n. N\u00ba de investigadores\/as: 15. Entidad financiadora: Universidad de Zaragoza. 2022-2023. Duraci\u00f3n (12 meses).<\/p>\n\n\n\n<p>Bienestar social y gesti\u00f3n de los negocios. \u00c1mbito geogr\u00e1fico: nacional. IP: Pere Ort\u00edn. N\u00ba de investigadores\/as: 12. Entidad financiadora: Ministerio de Ciencia e Innovaci\u00f3n. Agencia Estatal de Investigaci\u00f3n. 2021-2023. Duraci\u00f3n (27 meses).<\/p>\n\n\n\n<p>VINCI: Vino, Innovaci\u00f3n y Competitividad Internacional, Programa de Cooperaci\u00f3n Interreg V-B Europa Suroccidental, SUDOE, SOE3\/P2\/F0917. IP: Vicente Jos\u00e9 Pinilla Navarro. Cofinanciado por el Fondo Europeo de Desarrollo Regional FONDOS FEDER. 2019-2023. Duraci\u00f3n (42 meses).<\/p>\n\n\n\n<p>Bienestar social, mecanismos de asignaci\u00f3n y pol\u00edticas p\u00fablicas. \u00c1mbito geogr\u00e1fico: nacional. IP: Dolors Berga. N\u00ba de investigadores\/as: 5. Entidad financiadora: MINECO. Ministerio de Econom\u00eda y Competitividad. 2020-2022. Duraci\u00f3n (36 meses).<\/p>\n\n\n\n<p>La influencia de la composici\u00f3n de retribuciones sobre Vertical Pay Inequality. IP: Isabel Acero Fraile. N\u00ba de investigadores\/as: 15. Entidad financiadora: Universidad de Zaragoza. 2020. Duraci\u00f3n (18 meses).<\/p>\n\n\n\n<p>Cooperaci\u00f3n transfronteriza entre la Comunidad Aut\u00f3noma de Arag\u00f3n y la regi\u00f3n francesa de nueva Aquitania. IP: Marta Fern\u00e1ndez Olmos. 2021. Duraci\u00f3n (7 meses).<\/p>\n\n\n\n<p>Efectos de la gesti\u00f3n de calidad y de los sistemas de fabricaci\u00f3n sobre la productividad en las empresas manufactureras espa\u00f1olas. \u00c1mbito: auton\u00f3mico. IP: Pedro S\u00e1nchez Sellero. N\u00ba de investigadores\/as: 15. Entidad financiadora: Universidad de Zaragoza. 2020. Duraci\u00f3n (12 meses).<\/p>\n\n\n\n<p>Competitividad empresarial desde la Innovaci\u00f3n, la calidad y la gesti\u00f3n responsable. \u00c1mbito geogr\u00e1fico: nacional. IP: Manuel Antonio Espitia Escuer; Jorge Rosell Mart\u00ednez. N\u00ba de investigadores\/as: 13. Entidad financiadora: MINECO. Ministerio de Econom\u00eda y Competitividad. 2016-2020. Duraci\u00f3n (48 meses).<\/p>\n\n\n\n<p>INTURPYR: Innovaci\u00f3n tur\u00edstica en los Pirineos para un destino tur\u00edstico \u00fanico en el coraz\u00f3n de los Pirineos. EFA 026\/15. IP: Carmen Mar\u00eda Elboj Saso. Cofinanciado al 65% por el Fondo Europeo de Desarrollo Regional a trav\u00e9s del Programa Interreg V A Espa\u00f1a\/Francia\/Andorra &#8211; POCTEFA 2014-2020. 2019. Duraci\u00f3n (12 meses).<\/p>\n","protected":false},"excerpt":{"rendered":"<p>Estrategias de innovaci\u00f3n y gobierno responsable como factores de competitividad empresarial. IP: Marisa Ram\u00edrez Ales\u00f3n. N\u00ba de investigadores\/as: 15. Entidad financiadora: Universidad de Zaragoza. 2022-2023. Duraci\u00f3n (12 meses). Bienestar social y gesti\u00f3n de los negocios. \u00c1mbito geogr\u00e1fico: nacional. IP: Pere Ort\u00edn. N\u00ba de investigadores\/as: 12. Entidad financiadora: Ministerio de Ciencia e Innovaci\u00f3n. Agencia Estatal de [&hellip;]<\/p>\n","protected":false},"author":3,"featured_media":945,"parent":1445,"menu_order":0,"comment_status":"closed","ping_status":"closed","template":"","meta":{"_acf_changed":false,"_genesis_hide_title":false,"_genesis_hide_breadcrumbs":false,"_genesis_hide_singular_image":false,"_genesis_hide_footer_widgets":false,"_genesis_custom_body_class":"","_genesis_custom_post_class":"","_genesis_layout":"","footnotes":""},"class_list":{"0":"post-1455","1":"page","2":"type-page","3":"status-publish","4":"has-post-thumbnail","6":"entry"},"acf":[],"_links":{"self":[{"href":"https:\/\/compete.unizar.es\/en\/wp-json\/wp\/v2\/pages\/1455","targetHints":{"allow":["GET"]}}],"collection":[{"href":"https:\/\/compete.unizar.es\/en\/wp-json\/wp\/v2\/pages"}],"about":[{"href":"https:\/\/compete.unizar.es\/en\/wp-json\/wp\/v2\/types\/page"}],"author":[{"embeddable":true,"href":"https:\/\/compete.unizar.es\/en\/wp-json\/wp\/v2\/users\/3"}],"replies":[{"embeddable":true,"href":"https:\/\/compete.unizar.es\/en\/wp-json\/wp\/v2\/comments?post=1455"}],"version-history":[{"count":0,"href":"https:\/\/compete.unizar.es\/en\/wp-json\/wp\/v2\/pages\/1455\/revisions"}],"up":[{"embeddable":true,"href":"https:\/\/compete.unizar.es\/en\/wp-json\/wp\/v2\/pages\/1445"}],"wp:featuredmedia":[{"embeddable":true,"href":"https:\/\/compete.unizar.es\/en\/wp-json\/wp\/v2\/media\/945"}],"wp:attachment":[{"href":"https:\/\/compete.unizar.es\/en\/wp-json\/wp\/v2\/media?parent=1455"}],"curies":[{"name":"wp","href":"https:\/\/api.w.org\/{rel}","templated":true}]}}